{"id":7986,"date":"2024-07-01T12:54:54","date_gmt":"2024-07-01T10:54:54","guid":{"rendered":"https:\/\/qnpower.es\/?page_id=7986"},"modified":"2024-07-01T13:01:26","modified_gmt":"2024-07-01T11:01:26","slug":"politica-de-calidad-y-medio-ambiente","status":"publish","type":"page","link":"https:\/\/qnpower.es\/en\/politica-de-calidad-y-medio-ambiente\/","title":{"rendered":"Pol\u00edtica de Calidad y Medio ambiente"},"content":{"rendered":"<div data-elementor-type=\"wp-page\" data-elementor-id=\"7986\" class=\"elementor elementor-7986\">\n\t\t\t\t\t\t<section class=\"elementor-section elementor-top-section elementor-element elementor-element-6bba88c elementor-section-stretched elementor-section-boxed elementor-section-height-default elementor-section-height-default\" data-id=\"6bba88c\" data-element_type=\"section\" data-settings=\"{&quot;stretch_section&quot;:&quot;section-stretched&quot;}\">\n\t\t\t\t\t\t<div class=\"elementor-container elementor-column-gap-default\">\n\t\t\t\t\t<div class=\"elementor-column elementor-col-100 elementor-top-column elementor-element elementor-element-dba0223\" data-id=\"dba0223\" data-element_type=\"column\">\n\t\t\t<div class=\"elementor-widget-wrap elementor-element-populated\">\n\t\t\t\t\t\t<div class=\"elementor-element elementor-element-0306ffe elementor-widget elementor-widget-text-editor\" data-id=\"0306ffe\" data-element_type=\"widget\" data-widget_type=\"text-editor.default\">\n\t\t\t\t<div class=\"elementor-widget-container\">\n\t\t\t<style>\/*! elementor - v3.21.0 - 18-04-2024 *\/\n.elementor-widget-text-editor.elementor-drop-cap-view-stacked .elementor-drop-cap{background-color:#69727d;color:#fff}.elementor-widget-text-editor.elementor-drop-cap-view-framed .elementor-drop-cap{color:#69727d;border:3px solid;background-color:transparent}.elementor-widget-text-editor:not(.elementor-drop-cap-view-default) .elementor-drop-cap{margin-top:8px}.elementor-widget-text-editor:not(.elementor-drop-cap-view-default) .elementor-drop-cap-letter{width:1em;height:1em}.elementor-widget-text-editor .elementor-drop-cap{float:left;text-align:center;line-height:1;font-size:50px}.elementor-widget-text-editor .elementor-drop-cap-letter{display:inline-block}<\/style>\t\t\t\t<p><strong>QN POWER, S.L.<\/strong> es una empresa dedicada a la venta de sistemas de almacenaje y mobiliario de zona de venta, principalmente a tiendas de retail. Gestionamos proyectos desde el presupuesto hasta el montaje en obra, pasando por servicios como dise\u00f1o de planos, desarrollo de producto para fabricaci\u00f3n, aprovisionamiento de diferentes materias primas o productos terminados, embalaje, transporte, etc.<\/p><p>\u00a0<\/p><p>Para la direcci\u00f3n de<strong> QN POWER, S.L.<\/strong> la Calidad y el respeto al Medio Ambiente son su objetivo permanente. Con el fin de alcanzar este objetivo se compromete a implantar y mantener un Sistema de Gesti\u00f3n de Calidad y Medio Ambiente, acorde con los requisitos de las Normas de Calidad UNE-EN-ISO 9001:2015 y Medio Ambiente UNE-EN-ISO 14001:2015, seg\u00fan los principios siguientes:<\/p><p>\u00a0<\/p><ul><li>Cumplir con todos los requisitos, ya sean \u00e9stos legales, contractuales o de otra \u00edndole que pudiera afectar a nuestra actividad.<\/li><li>Conocer, analizar y satisfacer las necesidades y expectativas de nuestros clientes con el fin de aumentar su grado de satisfacci\u00f3n.<\/li><li>Proteger el medio ambiente, mediante la prevenci\u00f3n de cualquier tipo de contaminaci\u00f3n que pudiera general nuestra actividad y ofreciendo al cliente productos que promueven la gesti\u00f3n forestal sostenible.<\/li><li>Fomentar la Mejora Continua del sistema de Gesti\u00f3n implantado.<\/li><li>Formaci\u00f3n continua del personal en todos los niveles de la empresa cuyas actividades tengan incidencia en la Calidad y el respeto por el Medio ambiente, con el fin de que adquieran la competencia necesaria para llevarlos a cabo.<\/li><li>Establecer controles efectivos sobre los proveedores relativos a la calidad d los productos o servicios prestados, as\u00ed como el comportamiento medio ambiental de los mismos.<\/li><li>Fomentar la cooperaci\u00f3n y el respeto mutuo con los empleados a fin de mejorar el funcionamiento de nuestra empresa y que los clientes reciban la mejor atenci\u00f3n por nuestra parte.<\/li><\/ul><div>\u00a0<\/div><p>Utilizar la presente pol\u00edtica como marco para establecer objetivos y metas en materia ambiental y de calidad.<\/p><p>La Direcci\u00f3n se compromete a facilitar todos los medios necesarios y solicita la participaci\u00f3n y colaboraci\u00f3n de todo el personal para el cumplimiento de esta Pol\u00edtica.<\/p><p><a href=\"https:\/\/qnpower.es\/wp-content\/uploads\/2024\/07\/POLITICA-CALIDAD-Y-MEDIO-AMBIENTE-REV00.pdf\">Consulta el documento<\/a><\/p>\t\t\t\t\t\t<\/div>\n\t\t\t\t<\/div>\n\t\t\t\t\t<\/div>\n\t\t<\/div>\n\t\t\t\t\t<\/div>\n\t\t<\/section>\n\t\t\t\t<section class=\"elementor-section elementor-top-section elementor-element elementor-element-3fa45a5 elementor-section-boxed elementor-section-height-default elementor-section-height-default\" data-id=\"3fa45a5\" data-element_type=\"section\">\n\t\t\t\t\t\t<div class=\"elementor-container elementor-column-gap-default\">\n\t\t\t\t\t<div class=\"elementor-column elementor-col-100 elementor-top-column elementor-element elementor-element-e8c71bc\" data-id=\"e8c71bc\" data-element_type=\"column\">\n\t\t\t<div class=\"elementor-widget-wrap elementor-element-populated\">\n\t\t\t\t\t\t<div class=\"elementor-element elementor-element-14a3d44 elementor-widget elementor-widget-spacer\" data-id=\"14a3d44\" data-element_type=\"widget\" data-widget_type=\"spacer.default\">\n\t\t\t\t<div class=\"elementor-widget-container\">\n\t\t\t<style>\/*! elementor - v3.21.0 - 18-04-2024 *\/\n.elementor-column .elementor-spacer-inner{height:var(--spacer-size)}.e-con{--container-widget-width:100%}.e-con-inner>.elementor-widget-spacer,.e-con>.elementor-widget-spacer{width:var(--container-widget-width,var(--spacer-size));--align-self:var(--container-widget-align-self,initial);--flex-shrink:0}.e-con-inner>.elementor-widget-spacer>.elementor-widget-container,.e-con>.elementor-widget-spacer>.elementor-widget-container{height:100%;width:100%}.e-con-inner>.elementor-widget-spacer>.elementor-widget-container>.elementor-spacer,.e-con>.elementor-widget-spacer>.elementor-widget-container>.elementor-spacer{height:100%}.e-con-inner>.elementor-widget-spacer>.elementor-widget-container>.elementor-spacer>.elementor-spacer-inner,.e-con>.elementor-widget-spacer>.elementor-widget-container>.elementor-spacer>.elementor-spacer-inner{height:var(--container-widget-height,var(--spacer-size))}.e-con-inner>.elementor-widget-spacer.elementor-widget-empty,.e-con>.elementor-widget-spacer.elementor-widget-empty{position:relative;min-height:22px;min-width:22px}.e-con-inner>.elementor-widget-spacer.elementor-widget-empty .elementor-widget-empty-icon,.e-con>.elementor-widget-spacer.elementor-widget-empty .elementor-widget-empty-icon{position:absolute;top:0;bottom:0;left:0;right:0;margin:auto;padding:0;width:22px;height:22px}<\/style>\t\t<div class=\"elementor-spacer\">\n\t\t\t<div class=\"elementor-spacer-inner\"><\/div>\n\t\t<\/div>\n\t\t\t\t<\/div>\n\t\t\t\t<\/div>\n\t\t\t\t\t<\/div>\n\t\t<\/div>\n\t\t\t\t\t<\/div>\n\t\t<\/section>\n\t\t\t\t<\/div>","protected":false},"excerpt":{"rendered":"<p>QN POWER, S.L. es una empresa dedicada a la venta de sistemas de almacenaje y mobiliario de zona de venta, principalmente a tiendas de retail. Gestionamos proyectos desde el presupuesto hasta el montaje en obra, pasando por servicios como dise\u00f1o de planos, desarrollo de producto para fabricaci\u00f3n, aprovisionamiento de diferentes materias primas o productos terminados, &hellip; <\/p>\n<p class=\"link-more\"><a href=\"https:\/\/qnpower.es\/en\/politica-de-calidad-y-medio-ambiente\/\" class=\"more-link\">Read more<span class=\"screen-reader-text\"> &#8220;Pol\u00edtica de Calidad y Medio ambiente&#8221;<\/span><\/a><\/p>","protected":false},"author":1,"featured_media":0,"parent":0,"menu_order":0,"comment_status":"closed","ping_status":"closed","template":"","meta":{"_uag_custom_page_level_css":"","footnotes":""},"class_list":["post-7986","page","type-page","status-publish","hentry"],"uagb_featured_image_src":{"full":false,"thumbnail":false,"medium":false,"medium_large":false,"large":false,"1536x1536":false,"2048x2048":false,"trp-custom-language-flag":false,"inspiro-featured-image":false,"inspiro-loop":false,"inspiro-loop@2x":false},"uagb_author_info":{"display_name":"admin","author_link":"https:\/\/qnpower.es\/en\/author\/geral_kp7azqhg\/"},"uagb_comment_info":0,"uagb_excerpt":"QN POWER, S.L. es una empresa dedicada a la venta de sistemas de almacenaje y mobiliario de zona de venta, principalmente a tiendas de retail. Gestionamos proyectos desde el presupuesto hasta el montaje en obra, pasando por servicios como dise\u00f1o de planos, desarrollo de producto para fabricaci\u00f3n, aprovisionamiento de diferentes materias primas o productos terminados,&hellip;","_links":{"self":[{"href":"https:\/\/qnpower.es\/en\/wp-json\/wp\/v2\/pages\/7986","targetHints":{"allow":["GET"]}}],"collection":[{"href":"https:\/\/qnpower.es\/en\/wp-json\/wp\/v2\/pages"}],"about":[{"href":"https:\/\/qnpower.es\/en\/wp-json\/wp\/v2\/types\/page"}],"author":[{"embeddable":true,"href":"https:\/\/qnpower.es\/en\/wp-json\/wp\/v2\/users\/1"}],"replies":[{"embeddable":true,"href":"https:\/\/qnpower.es\/en\/wp-json\/wp\/v2\/comments?post=7986"}],"version-history":[{"count":13,"href":"https:\/\/qnpower.es\/en\/wp-json\/wp\/v2\/pages\/7986\/revisions"}],"predecessor-version":[{"id":8000,"href":"https:\/\/qnpower.es\/en\/wp-json\/wp\/v2\/pages\/7986\/revisions\/8000"}],"wp:attachment":[{"href":"https:\/\/qnpower.es\/en\/wp-json\/wp\/v2\/media?parent=7986"}],"curies":[{"name":"wp","href":"https:\/\/api.w.org\/{rel}","templated":true}]}}