{"id":8001,"date":"2024-07-01T13:02:20","date_gmt":"2024-07-01T11:02:20","guid":{"rendered":"https:\/\/qnpower.es\/?page_id=8001"},"modified":"2026-03-30T10:14:32","modified_gmt":"2026-03-30T08:14:32","slug":"autodeclaracion-fsc","status":"publish","type":"page","link":"https:\/\/qnpower.es\/en\/autodeclaracion-fsc\/","title":{"rendered":"fsc Self Declaration"},"content":{"rendered":"<div data-elementor-type=\"wp-page\" data-elementor-id=\"8001\" class=\"elementor elementor-8001\">\n\t\t\t\t\t\t<section class=\"elementor-section elementor-top-section elementor-element elementor-element-ec19e1e elementor-section-stretched elementor-section-boxed elementor-section-height-default elementor-section-height-default\" data-id=\"ec19e1e\" data-element_type=\"section\" data-settings=\"{&quot;stretch_section&quot;:&quot;section-stretched&quot;}\">\n\t\t\t\t\t\t<div class=\"elementor-container elementor-column-gap-default\">\n\t\t\t\t\t<div class=\"elementor-column elementor-col-100 elementor-top-column elementor-element elementor-element-80fbbf1\" data-id=\"80fbbf1\" data-element_type=\"column\">\n\t\t\t<div class=\"elementor-widget-wrap elementor-element-populated\">\n\t\t\t\t\t\t<div class=\"elementor-element elementor-element-a9bcf32 elementor-widget elementor-widget-heading\" data-id=\"a9bcf32\" data-element_type=\"widget\" data-widget_type=\"heading.default\">\n\t\t\t\t<div class=\"elementor-widget-container\">\n\t\t\t<style>\/*! elementor - v3.21.0 - 18-04-2024 *\/\n.elementor-heading-title{padding:0;margin:0;line-height:1}.elementor-widget-heading .elementor-heading-title[class*=elementor-size-]>a{color:inherit;font-size:inherit;line-height:inherit}.elementor-widget-heading .elementor-heading-title.elementor-size-small{font-size:15px}.elementor-widget-heading .elementor-heading-title.elementor-size-medium{font-size:19px}.elementor-widget-heading .elementor-heading-title.elementor-size-large{font-size:29px}.elementor-widget-heading .elementor-heading-title.elementor-size-xl{font-size:39px}.elementor-widget-heading .elementor-heading-title.elementor-size-xxl{font-size:59px}<\/style><h2 class=\"elementor-heading-title elementor-size-default\">AUTODECLARACI\u00d3N referente a la FSC-POL-01-004\n(Pol\u00edtica para la asociaci\u00f3n de organizaciones con el fsc)<\/h2>\t\t<\/div>\n\t\t\t\t<\/div>\n\t\t\t\t<div class=\"elementor-element elementor-element-dd8340a elementor-widget elementor-widget-spacer\" data-id=\"dd8340a\" data-element_type=\"widget\" data-widget_type=\"spacer.default\">\n\t\t\t\t<div class=\"elementor-widget-container\">\n\t\t\t<style>\/*! elementor - v3.21.0 - 18-04-2024 *\/\n.elementor-column .elementor-spacer-inner{height:var(--spacer-size)}.e-con{--container-widget-width:100%}.e-con-inner>.elementor-widget-spacer,.e-con>.elementor-widget-spacer{width:var(--container-widget-width,var(--spacer-size));--align-self:var(--container-widget-align-self,initial);--flex-shrink:0}.e-con-inner>.elementor-widget-spacer>.elementor-widget-container,.e-con>.elementor-widget-spacer>.elementor-widget-container{height:100%;width:100%}.e-con-inner>.elementor-widget-spacer>.elementor-widget-container>.elementor-spacer,.e-con>.elementor-widget-spacer>.elementor-widget-container>.elementor-spacer{height:100%}.e-con-inner>.elementor-widget-spacer>.elementor-widget-container>.elementor-spacer>.elementor-spacer-inner,.e-con>.elementor-widget-spacer>.elementor-widget-container>.elementor-spacer>.elementor-spacer-inner{height:var(--container-widget-height,var(--spacer-size))}.e-con-inner>.elementor-widget-spacer.elementor-widget-empty,.e-con>.elementor-widget-spacer.elementor-widget-empty{position:relative;min-height:22px;min-width:22px}.e-con-inner>.elementor-widget-spacer.elementor-widget-empty .elementor-widget-empty-icon,.e-con>.elementor-widget-spacer.elementor-widget-empty .elementor-widget-empty-icon{position:absolute;top:0;bottom:0;left:0;right:0;margin:auto;padding:0;width:22px;height:22px}<\/style>\t\t<div class=\"elementor-spacer\">\n\t\t\t<div class=\"elementor-spacer-inner\"><\/div>\n\t\t<\/div>\n\t\t\t\t<\/div>\n\t\t\t\t<\/div>\n\t\t\t\t<div class=\"elementor-element elementor-element-c37c30f elementor-widget__width-initial elementor-widget elementor-widget-text-editor\" data-id=\"c37c30f\" data-element_type=\"widget\" data-widget_type=\"text-editor.default\">\n\t\t\t\t<div class=\"elementor-widget-container\">\n\t\t\t<style>\/*! elementor - v3.21.0 - 18-04-2024 *\/\n.elementor-widget-text-editor.elementor-drop-cap-view-stacked .elementor-drop-cap{background-color:#69727d;color:#fff}.elementor-widget-text-editor.elementor-drop-cap-view-framed .elementor-drop-cap{color:#69727d;border:3px solid;background-color:transparent}.elementor-widget-text-editor:not(.elementor-drop-cap-view-default) .elementor-drop-cap{margin-top:8px}.elementor-widget-text-editor:not(.elementor-drop-cap-view-default) .elementor-drop-cap-letter{width:1em;height:1em}.elementor-widget-text-editor .elementor-drop-cap{float:left;text-align:center;line-height:1;font-size:50px}.elementor-widget-text-editor .elementor-drop-cap-letter{display:inline-block}<\/style>\t\t\t\t<p>La organizaci\u00f3n que subscribe la presente declaraci\u00f3n est\u00e1 asociada con el forest stewardship council A.C., Oaxaca, M\u00e9xico, o alguna de sus subsidiarias o filiales (en lo sucesivo el fsc) ya sea por estar afiliada o por tener una relaci\u00f3n contractual con el fsc. Por este medio, la organizaci\u00f3n que subscribe declara expl\u00edcitamente haber le\u00eddo y comprendido la \u201cpol\u00edtica para la asociaci\u00f3n de organizaciones con el fsc\u201d tal y como aparece publicada en www.fsc.org. Esta pol\u00edtica estipula la postura del fsc con respecto a actividades inadmisibles emprendidas por organizaciones e individuos que ya est\u00e1n asociados o que podr\u00edan querer asociarse con fsc, as\u00ed como el mecanismo para la disociaci\u00f3n.<\/p><p>En vista de lo anterior la organizaci\u00f3n acuerda expl\u00edcitamente ahora y en el futuro, mientras exista la relaci\u00f3n con el fsc, no participar directa o\u00a0 indirectamente en las siguientes actividades inadmisibles:<\/p><p>a) Tala ilegal o comercio de madera o productos forestales ilegales;<br \/>b) Violaci\u00f3n a los derechos tradicionales y humanos en las operaciones silv\u00edcolas;<br \/>c) Destrucci\u00f3n de altos valores de conservaci\u00f3n en las operaciones silv\u00edcolas;<br \/>d) Conversi\u00f3n significativa de bosques a plantaciones o a usos no forestales;<br \/>e) Introducci\u00f3n de organismos gen\u00e9ticamente modificados en las operaciones silv\u00edcolas;<br \/>f) Violaci\u00f3n a cualquiera de los convenios fundamentales de la OIT seg\u00fan aparecen definidos en la declaraci\u00f3n de la OIT relativa a los principios y derechos fundamentales en el trabajo.<\/p><p>A su vez, la organizaci\u00f3n se compromete al cumplimiento de todos y cada uno de los requisitos laborales fundamentales del fsc a todas sus operaciones, incluyendo como principios b\u00e1sicos los siguientes:<\/p><p>&#8211; Trabajar en todo momento teniendo en cuenta los derechos y obligaciones establecidos por las leyes nacionales<br \/>&#8211; No emplear a trabajadores menores de la edad m\u00ednima estipulada en las leyes o reglamentos nacionales o locales, teniendo en cuenta los puntos adicionales de cumplimiento en casos particulares en relaci\u00f3n a regiones que permiten el empleo de personas de edades entre 13 y 15 a\u00f1os, trabajos peligrosos y prohibici\u00f3n de peores formas de trabajo infantil<br \/>&#8211; Prohibir toda forma de trabajo forzoso u obligatorio, incluyendo los puntos y cl\u00e1usulas adicionales descritos en el punto 7 del est\u00e1ndar a cumplir<br \/>&#8211; Cerciorarse de que no exista discriminaci\u00f3n relacionada con la ocupaci\u00f3n de los puestos de trabajo ni la libertad de las personas trabajadoras en cuanto a sus derechos laborales y de negociaci\u00f3n colectiva<\/p><p><strong><span style=\"text-decoration: underline;\"><span style=\"color: #ffffff;\"><a style=\"color: #ffffff; text-decoration: underline;\" href=\"https:\/\/qnpower.es\/wp-content\/uploads\/2025\/03\/AUTODECLARACION-FSC1-1.pdf\">Consulta el documento<\/a><\/span><\/span><\/strong><\/p>\t\t\t\t\t\t<\/div>\n\t\t\t\t<\/div>\n\t\t\t\t<div class=\"elementor-element elementor-element-fa967a9 elementor-widget elementor-widget-spacer\" data-id=\"fa967a9\" data-element_type=\"widget\" data-widget_type=\"spacer.default\">\n\t\t\t\t<div class=\"elementor-widget-container\">\n\t\t\t\t\t<div class=\"elementor-spacer\">\n\t\t\t<div class=\"elementor-spacer-inner\"><\/div>\n\t\t<\/div>\n\t\t\t\t<\/div>\n\t\t\t\t<\/div>\n\t\t\t\t<div class=\"elementor-element elementor-element-d55cc96 elementor-widget elementor-widget-image\" data-id=\"d55cc96\" data-element_type=\"widget\" data-widget_type=\"image.default\">\n\t\t\t\t<div class=\"elementor-widget-container\">\n\t\t\t<style>\/*! elementor - v3.21.0 - 18-04-2024 *\/\n.elementor-widget-image{text-align:center}.elementor-widget-image a{display:inline-block}.elementor-widget-image a img[src$=\".svg\"]{width:48px}.elementor-widget-image img{vertical-align:middle;display:inline-block}<\/style>\t\t\t\t\t\t\t\t\t\t<img decoding=\"async\" src=\"https:\/\/qnpower.es\/wp-content\/uploads\/2025\/03\/AUTODECLARACION-FSC1-1.pdf\" title=\"\" alt=\"\" loading=\"lazy\" \/>\t\t\t\t\t\t\t\t\t\t\t\t\t<\/div>\n\t\t\t\t<\/div>\n\t\t\t\t\t<\/div>\n\t\t<\/div>\n\t\t\t\t\t<\/div>\n\t\t<\/section>\n\t\t\t\t<\/div>","protected":false},"excerpt":{"rendered":"<p>AUTODECLARACI\u00d3N referente a la FSC-POL-01-004 (Pol\u00edtica para la asociaci\u00f3n de organizaciones con el fsc) La organizaci\u00f3n que subscribe la presente declaraci\u00f3n est\u00e1 asociada con el forest stewardship council A.C., Oaxaca, M\u00e9xico, o alguna de sus subsidiarias o filiales (en lo sucesivo el fsc) ya sea por estar afiliada o por tener una relaci\u00f3n contractual con &hellip; <\/p>\n<p class=\"link-more\"><a href=\"https:\/\/qnpower.es\/en\/autodeclaracion-fsc\/\" class=\"more-link\">Read more<span class=\"screen-reader-text\"> &#8220;Autodeclaraci\u00f3n fsc&#8221;<\/span><\/a><\/p>","protected":false},"author":1,"featured_media":0,"parent":0,"menu_order":0,"comment_status":"closed","ping_status":"closed","template":"","meta":{"_uag_custom_page_level_css":"","footnotes":""},"class_list":["post-8001","page","type-page","status-publish","hentry"],"uagb_featured_image_src":{"full":false,"thumbnail":false,"medium":false,"medium_large":false,"large":false,"1536x1536":false,"2048x2048":false,"trp-custom-language-flag":false,"inspiro-featured-image":false,"inspiro-loop":false,"inspiro-loop@2x":false},"uagb_author_info":{"display_name":"admin","author_link":"https:\/\/qnpower.es\/en\/author\/geral_kp7azqhg\/"},"uagb_comment_info":0,"uagb_excerpt":"AUTODECLARACI\u00d3N referente a la FSC-POL-01-004 (Pol\u00edtica para la asociaci\u00f3n de organizaciones con el fsc) La organizaci\u00f3n que subscribe la presente declaraci\u00f3n est\u00e1 asociada con el forest stewardship council A.C., Oaxaca, M\u00e9xico, o alguna de sus subsidiarias o filiales (en lo sucesivo el fsc) ya sea por estar afiliada o por tener una relaci\u00f3n contractual con&hellip;","_links":{"self":[{"href":"https:\/\/qnpower.es\/en\/wp-json\/wp\/v2\/pages\/8001","targetHints":{"allow":["GET"]}}],"collection":[{"href":"https:\/\/qnpower.es\/en\/wp-json\/wp\/v2\/pages"}],"about":[{"href":"https:\/\/qnpower.es\/en\/wp-json\/wp\/v2\/types\/page"}],"author":[{"embeddable":true,"href":"https:\/\/qnpower.es\/en\/wp-json\/wp\/v2\/users\/1"}],"replies":[{"embeddable":true,"href":"https:\/\/qnpower.es\/en\/wp-json\/wp\/v2\/comments?post=8001"}],"version-history":[{"count":20,"href":"https:\/\/qnpower.es\/en\/wp-json\/wp\/v2\/pages\/8001\/revisions"}],"predecessor-version":[{"id":8146,"href":"https:\/\/qnpower.es\/en\/wp-json\/wp\/v2\/pages\/8001\/revisions\/8146"}],"wp:attachment":[{"href":"https:\/\/qnpower.es\/en\/wp-json\/wp\/v2\/media?parent=8001"}],"curies":[{"name":"wp","href":"https:\/\/api.w.org\/{rel}","templated":true}]}}