{"id":8022,"date":"2024-11-06T10:23:28","date_gmt":"2024-11-06T09:23:28","guid":{"rendered":"https:\/\/qnpower.es\/?page_id=8022"},"modified":"2024-11-06T10:25:12","modified_gmt":"2024-11-06T09:25:12","slug":"comunicado-a-proveedores","status":"publish","type":"page","link":"https:\/\/qnpower.es\/en\/comunicado-a-proveedores\/","title":{"rendered":"COMUNICADO A PROVEEDORES"},"content":{"rendered":"<div data-elementor-type=\"wp-page\" data-elementor-id=\"8022\" class=\"elementor elementor-8022\">\n\t\t\t\t\t\t<section class=\"elementor-section elementor-top-section elementor-element elementor-element-56f6b5c elementor-section-boxed elementor-section-height-default elementor-section-height-default\" data-id=\"56f6b5c\" data-element_type=\"section\">\n\t\t\t\t\t\t<div class=\"elementor-container elementor-column-gap-default\">\n\t\t\t\t\t<div class=\"elementor-column elementor-col-100 elementor-top-column elementor-element elementor-element-0d51e01\" data-id=\"0d51e01\" data-element_type=\"column\">\n\t\t\t<div class=\"elementor-widget-wrap elementor-element-populated\">\n\t\t\t\t\t\t<div class=\"elementor-element elementor-element-4ec2ea3 elementor-widget elementor-widget-text-editor\" data-id=\"4ec2ea3\" data-element_type=\"widget\" data-widget_type=\"text-editor.default\">\n\t\t\t\t<div class=\"elementor-widget-container\">\n\t\t\t<style>\/*! elementor - v3.21.0 - 18-04-2024 *\/\n.elementor-widget-text-editor.elementor-drop-cap-view-stacked .elementor-drop-cap{background-color:#69727d;color:#fff}.elementor-widget-text-editor.elementor-drop-cap-view-framed .elementor-drop-cap{color:#69727d;border:3px solid;background-color:transparent}.elementor-widget-text-editor:not(.elementor-drop-cap-view-default) .elementor-drop-cap{margin-top:8px}.elementor-widget-text-editor:not(.elementor-drop-cap-view-default) .elementor-drop-cap-letter{width:1em;height:1em}.elementor-widget-text-editor .elementor-drop-cap{float:left;text-align:center;line-height:1;font-size:50px}.elementor-widget-text-editor .elementor-drop-cap-letter{display:inline-block}<\/style>\t\t\t\t<p class=\"MsoNormal\">Mediante el presente comunicado le informamos que siguiendo los requisitos del Sistema de Gesti\u00f3n Integrado que tenemos implantando seg\u00fan las Normas ISO 9001:2015 e ISO 14001:2015, como nuestro proveedor, est\u00e1 sometido a un control y seguimiento peri\u00f3dico consistente en la identificaci\u00f3n y valoraci\u00f3n de posibles incidencias relacionadas con el producto\/servicio que nos suministra.<\/p><p class=\"MsoNormal\">Ante cualquier incidencia que se detecte ser\u00e1 informado para la propuesta de posibles soluciones o acuerdos.<\/p><p>\u00a0<\/p><p class=\"MsoNormal\">As\u00ed mismo, puede consultar nuestra Pol\u00edtica de Calidad y Medio Ambiente disponible en la p\u00e1gina web.<\/p>\t\t\t\t\t\t<\/div>\n\t\t\t\t<\/div>\n\t\t\t\t<div class=\"elementor-element elementor-element-983578a elementor-widget elementor-widget-spacer\" data-id=\"983578a\" data-element_type=\"widget\" data-widget_type=\"spacer.default\">\n\t\t\t\t<div class=\"elementor-widget-container\">\n\t\t\t<style>\/*! elementor - v3.21.0 - 18-04-2024 *\/\n.elementor-column .elementor-spacer-inner{height:var(--spacer-size)}.e-con{--container-widget-width:100%}.e-con-inner>.elementor-widget-spacer,.e-con>.elementor-widget-spacer{width:var(--container-widget-width,var(--spacer-size));--align-self:var(--container-widget-align-self,initial);--flex-shrink:0}.e-con-inner>.elementor-widget-spacer>.elementor-widget-container,.e-con>.elementor-widget-spacer>.elementor-widget-container{height:100%;width:100%}.e-con-inner>.elementor-widget-spacer>.elementor-widget-container>.elementor-spacer,.e-con>.elementor-widget-spacer>.elementor-widget-container>.elementor-spacer{height:100%}.e-con-inner>.elementor-widget-spacer>.elementor-widget-container>.elementor-spacer>.elementor-spacer-inner,.e-con>.elementor-widget-spacer>.elementor-widget-container>.elementor-spacer>.elementor-spacer-inner{height:var(--container-widget-height,var(--spacer-size))}.e-con-inner>.elementor-widget-spacer.elementor-widget-empty,.e-con>.elementor-widget-spacer.elementor-widget-empty{position:relative;min-height:22px;min-width:22px}.e-con-inner>.elementor-widget-spacer.elementor-widget-empty .elementor-widget-empty-icon,.e-con>.elementor-widget-spacer.elementor-widget-empty .elementor-widget-empty-icon{position:absolute;top:0;bottom:0;left:0;right:0;margin:auto;padding:0;width:22px;height:22px}<\/style>\t\t<div class=\"elementor-spacer\">\n\t\t\t<div class=\"elementor-spacer-inner\"><\/div>\n\t\t<\/div>\n\t\t\t\t<\/div>\n\t\t\t\t<\/div>\n\t\t\t\t\t<\/div>\n\t\t<\/div>\n\t\t\t\t\t<\/div>\n\t\t<\/section>\n\t\t\t\t<\/div>","protected":false},"excerpt":{"rendered":"<p>Mediante el presente comunicado le informamos que siguiendo los requisitos del Sistema de Gesti\u00f3n Integrado que tenemos implantando seg\u00fan las Normas ISO 9001:2015 e ISO 14001:2015, como nuestro proveedor, est\u00e1 sometido a un control y seguimiento peri\u00f3dico consistente en la identificaci\u00f3n y valoraci\u00f3n de posibles incidencias relacionadas con el producto\/servicio que nos suministra. Ante cualquier &hellip; <\/p>\n<p class=\"link-more\"><a href=\"https:\/\/qnpower.es\/en\/comunicado-a-proveedores\/\" class=\"more-link\">Read more<span class=\"screen-reader-text\"> &#8220;COMUNICADO A PROVEEDORES&#8221;<\/span><\/a><\/p>","protected":false},"author":1,"featured_media":0,"parent":0,"menu_order":0,"comment_status":"closed","ping_status":"closed","template":"","meta":{"_uag_custom_page_level_css":"","footnotes":""},"class_list":["post-8022","page","type-page","status-publish","hentry"],"uagb_featured_image_src":{"full":false,"thumbnail":false,"medium":false,"medium_large":false,"large":false,"1536x1536":false,"2048x2048":false,"trp-custom-language-flag":false,"inspiro-featured-image":false,"inspiro-loop":false,"inspiro-loop@2x":false},"uagb_author_info":{"display_name":"admin","author_link":"https:\/\/qnpower.es\/en\/author\/geral_kp7azqhg\/"},"uagb_comment_info":0,"uagb_excerpt":"Mediante el presente comunicado le informamos que siguiendo los requisitos del Sistema de Gesti\u00f3n Integrado que tenemos implantando seg\u00fan las Normas ISO 9001:2015 e ISO 14001:2015, como nuestro proveedor, est\u00e1 sometido a un control y seguimiento peri\u00f3dico consistente en la identificaci\u00f3n y valoraci\u00f3n de posibles incidencias relacionadas con el producto\/servicio que nos suministra. Ante cualquier&hellip;","_links":{"self":[{"href":"https:\/\/qnpower.es\/en\/wp-json\/wp\/v2\/pages\/8022","targetHints":{"allow":["GET"]}}],"collection":[{"href":"https:\/\/qnpower.es\/en\/wp-json\/wp\/v2\/pages"}],"about":[{"href":"https:\/\/qnpower.es\/en\/wp-json\/wp\/v2\/types\/page"}],"author":[{"embeddable":true,"href":"https:\/\/qnpower.es\/en\/wp-json\/wp\/v2\/users\/1"}],"replies":[{"embeddable":true,"href":"https:\/\/qnpower.es\/en\/wp-json\/wp\/v2\/comments?post=8022"}],"version-history":[{"count":7,"href":"https:\/\/qnpower.es\/en\/wp-json\/wp\/v2\/pages\/8022\/revisions"}],"predecessor-version":[{"id":8029,"href":"https:\/\/qnpower.es\/en\/wp-json\/wp\/v2\/pages\/8022\/revisions\/8029"}],"wp:attachment":[{"href":"https:\/\/qnpower.es\/en\/wp-json\/wp\/v2\/media?parent=8022"}],"curies":[{"name":"wp","href":"https:\/\/api.w.org\/{rel}","templated":true}]}}