{"id":8031,"date":"2024-11-06T10:25:40","date_gmt":"2024-11-06T09:25:40","guid":{"rendered":"https:\/\/qnpower.es\/?page_id=8031"},"modified":"2025-02-26T11:22:36","modified_gmt":"2025-02-26T10:22:36","slug":"desempeno-ambiental","status":"publish","type":"page","link":"https:\/\/qnpower.es\/en\/desempeno-ambiental\/","title":{"rendered":"DESEMPE\u00d1O AMBIENTAL"},"content":{"rendered":"<div data-elementor-type=\"wp-page\" data-elementor-id=\"8031\" class=\"elementor elementor-8031\">\n\t\t\t\t\t\t<section class=\"elementor-section elementor-top-section elementor-element elementor-element-0998076 elementor-section-boxed elementor-section-height-default elementor-section-height-default\" data-id=\"0998076\" data-element_type=\"section\">\n\t\t\t\t\t\t<div class=\"elementor-container elementor-column-gap-default\">\n\t\t\t\t\t<div class=\"elementor-column elementor-col-100 elementor-top-column elementor-element elementor-element-881d324\" data-id=\"881d324\" data-element_type=\"column\">\n\t\t\t<div class=\"elementor-widget-wrap elementor-element-populated\">\n\t\t\t\t\t\t<div class=\"elementor-element elementor-element-dd5c44d elementor-widget elementor-widget-text-editor\" data-id=\"dd5c44d\" data-element_type=\"widget\" data-widget_type=\"text-editor.default\">\n\t\t\t\t<div class=\"elementor-widget-container\">\n\t\t\t<style>\/*! elementor - v3.21.0 - 18-04-2024 *\/\n.elementor-widget-text-editor.elementor-drop-cap-view-stacked .elementor-drop-cap{background-color:#69727d;color:#fff}.elementor-widget-text-editor.elementor-drop-cap-view-framed .elementor-drop-cap{color:#69727d;border:3px solid;background-color:transparent}.elementor-widget-text-editor:not(.elementor-drop-cap-view-default) .elementor-drop-cap{margin-top:8px}.elementor-widget-text-editor:not(.elementor-drop-cap-view-default) .elementor-drop-cap-letter{width:1em;height:1em}.elementor-widget-text-editor .elementor-drop-cap{float:left;text-align:center;line-height:1;font-size:50px}.elementor-widget-text-editor .elementor-drop-cap-letter{display:inline-block}<\/style>\t\t\t\t<p class=\"MsoNormal\">QN POWER es una empresa comprometida con el medioambiente,\nque tiene implantado un Sistema de Gesti\u00f3n Integrado seg\u00fan las Normas ISO\n9001:2015 e ISO 14001:2015. El fin de este sistema de gesti\u00f3n es la reducci\u00f3n\ndel impacto de la actividad, la prevenci\u00f3n de la contaminaci\u00f3n y el\ncumplimiento con la legislaci\u00f3n ambiental vigente. <o:p><\/o:p><\/p>\n\n<p class=\"MsoNormal\">En QN POWER para la identificaci\u00f3n tanto de aspectos\nambientales como de situaciones de emergencia, desde una perspectiva de ciclo\nde vida, identificamos todas las actividades, productos y servicios de la\norganizaci\u00f3n que pueden interactuar con el medioambiente, en condiciones\ncontroladas o situaciones de emergencia. Disponemos de mecanismos para\nidentificar y evaluar peri\u00f3dicamente los aspectos ambientales y de emergencia,\ndeterminando cuales son significativos. <o:p><\/o:p><\/p>\n\n<p class=\"MsoNormal\">Establecemos controles operacionales sobre aquellos aspectos\nsignificativos sobre los que tenemos control directo y sobre aquellos en los\nque tenemos alg\u00fan grado de control o influencia. <o:p><\/o:p><\/p>\n\n<p class=\"MsoNormal\">Para este periodo 2025, se han determinado los siguientes\naspectos ambientales significativos:<o:p><\/o:p><\/p>\n\n<p class=\"MsoNormal\"><u>Aspectos ambientales directos significativos<o:p><\/o:p><\/u><\/p>\n\n<p class=\"MsoListParagraphCxSpFirst\" style=\"text-indent:-18.0pt;mso-list:l0 level1 lfo1\"><!--[if !supportLists]-->&#8211;<span style=\"font-variant-numeric: normal; font-variant-east-asian: normal; font-variant-alternates: normal; font-size-adjust: none; font-kerning: auto; font-optical-sizing: auto; font-feature-settings: normal; font-variation-settings: normal; font-variant-position: normal; font-variant-emoji: normal; font-stretch: normal; font-size: 7pt; line-height: normal; font-family: &quot;Times New Roman&quot;;\">&nbsp;&nbsp;&nbsp;&nbsp;&nbsp;&nbsp;&nbsp;&nbsp;&nbsp;\n<\/span><!--[endif]-->Consumo de combustible en el transporte<u><o:p><\/o:p><\/u><\/p>\n\n<p class=\"MsoListParagraphCxSpMiddle\" style=\"text-indent:-18.0pt;mso-list:l0 level1 lfo1\"><!--[if !supportLists]-->&#8211;<span style=\"font-variant-numeric: normal; font-variant-east-asian: normal; font-variant-alternates: normal; font-size-adjust: none; font-kerning: auto; font-optical-sizing: auto; font-feature-settings: normal; font-variation-settings: normal; font-variant-position: normal; font-variant-emoji: normal; font-stretch: normal; font-size: 7pt; line-height: normal; font-family: &quot;Times New Roman&quot;;\">&nbsp;&nbsp;&nbsp;&nbsp;&nbsp;&nbsp;&nbsp;&nbsp;&nbsp;\n<\/span><!--[endif]-->Consumo de energ\u00eda el\u00e9ctrica en oficina<u><o:p><\/o:p><\/u><\/p>\n\n<p class=\"MsoListParagraphCxSpLast\" style=\"text-indent:-18.0pt;mso-list:l0 level1 lfo1\"><!--[if !supportLists]-->&#8211;<span style=\"font-variant-numeric: normal; font-variant-east-asian: normal; font-variant-alternates: normal; font-size-adjust: none; font-kerning: auto; font-optical-sizing: auto; font-feature-settings: normal; font-variation-settings: normal; font-variant-position: normal; font-variant-emoji: normal; font-stretch: normal; font-size: 7pt; line-height: normal; font-family: &quot;Times New Roman&quot;;\">&nbsp;&nbsp;&nbsp;&nbsp;&nbsp;&nbsp;&nbsp;&nbsp;&nbsp;\n<\/span><!--[endif]-->Consumo de energ\u00eda el\u00e9ctrica en almac\u00e9n<u><o:p><\/o:p><\/u><\/p>\n\n<p class=\"MsoNormal\"><u>Aspectos ambientales indirectos significativos<o:p><\/o:p><\/u><\/p>\n\n<p class=\"MsoListParagraphCxSpFirst\" style=\"text-indent:-18.0pt;mso-list:l0 level1 lfo1\"><!--[if !supportLists]-->&#8211;<span style=\"font-variant-numeric: normal; font-variant-east-asian: normal; font-variant-alternates: normal; font-size-adjust: none; font-kerning: auto; font-optical-sizing: auto; font-feature-settings: normal; font-variation-settings: normal; font-variant-position: normal; font-variant-emoji: normal; font-stretch: normal; font-size: 7pt; line-height: normal; font-family: &quot;Times New Roman&quot;;\">&nbsp;&nbsp;&nbsp;&nbsp;&nbsp;&nbsp;&nbsp;&nbsp;&nbsp;\n<\/span><!--[endif]-->Reutilizaci\u00f3n de producto, fin de vida \u00fatil<u><o:p><\/o:p><\/u><\/p>\n\n<p class=\"MsoListParagraphCxSpLast\" style=\"text-indent:-18.0pt;mso-list:l0 level1 lfo1\"><!--[if !supportLists]-->&#8211;<span style=\"font-variant-numeric: normal; font-variant-east-asian: normal; font-variant-alternates: normal; font-size-adjust: none; font-kerning: auto; font-optical-sizing: auto; font-feature-settings: normal; font-variation-settings: normal; font-variant-position: normal; font-variant-emoji: normal; font-stretch: normal; font-size: 7pt; line-height: normal; font-family: &quot;Times New Roman&quot;;\">&nbsp;&nbsp;&nbsp;&nbsp;&nbsp;&nbsp;&nbsp;&nbsp;&nbsp;\n<\/span><!--[endif]-->Reciclado destrucci\u00f3n, fin de vida \u00fatil<u><o:p><\/o:p><\/u><\/p>\n\n<p class=\"MsoNormal\">Anualmente establecemos objetivos y tareas ambientales que\nnos permiten mejorar nuestro comportamiento ambiental y protecci\u00f3n frente al\nmedio ambiente. De forma peri\u00f3dica, realizamos un seguimiento de estos\nobjetivos con el objetivo de garantizar la consecuci\u00f3n de los resultados\nplanteados o establecer nuevas medidas para poder alcanzarlos. <o:p><\/o:p><\/p>\n\n<p class=\"MsoNormal\">Para este periodo 2025, se han establecido los siguientes\nobjetivos:<o:p><\/o:p><\/p>\n\n<p class=\"MsoListParagraphCxSpFirst\" style=\"text-indent:-18.0pt;mso-list:l0 level1 lfo1\"><!--[if !supportLists]-->&#8211;<span style=\"font-variant-numeric: normal; font-variant-east-asian: normal; font-variant-alternates: normal; font-size-adjust: none; font-kerning: auto; font-optical-sizing: auto; font-feature-settings: normal; font-variation-settings: normal; font-variant-position: normal; font-variant-emoji: normal; font-stretch: normal; font-size: 7pt; line-height: normal; font-family: &quot;Times New Roman&quot;;\">&nbsp;&nbsp;&nbsp;&nbsp;&nbsp;&nbsp;&nbsp;&nbsp;&nbsp;\n<\/span><!--[endif]-->Aumento de la cartera de clientes<o:p><\/o:p><\/p>\n\n<p class=\"MsoListParagraphCxSpMiddle\" style=\"text-indent:-18.0pt;mso-list:l0 level1 lfo1\"><!--[if !supportLists]-->&#8211;<span style=\"font-variant-numeric: normal; font-variant-east-asian: normal; font-variant-alternates: normal; font-size-adjust: none; font-kerning: auto; font-optical-sizing: auto; font-feature-settings: normal; font-variation-settings: normal; font-variant-position: normal; font-variant-emoji: normal; font-stretch: normal; font-size: 7pt; line-height: normal; font-family: &quot;Times New Roman&quot;;\">&nbsp;&nbsp;&nbsp;&nbsp;&nbsp;&nbsp;&nbsp;&nbsp;&nbsp;\n<\/span><!--[endif]-->Posibilidad de acceso a grandes clientes<o:p><\/o:p><\/p>\n\n<p class=\"MsoListParagraphCxSpMiddle\" style=\"text-indent:-18.0pt;mso-list:l0 level1 lfo1\"><!--[if !supportLists]-->&#8211;<span style=\"font-variant-numeric: normal; font-variant-east-asian: normal; font-variant-alternates: normal; font-size-adjust: none; font-kerning: auto; font-optical-sizing: auto; font-feature-settings: normal; font-variation-settings: normal; font-variant-position: normal; font-variant-emoji: normal; font-stretch: normal; font-size: 7pt; line-height: normal; font-family: &quot;Times New Roman&quot;;\">&nbsp;&nbsp;&nbsp;&nbsp;&nbsp;&nbsp;&nbsp;&nbsp;&nbsp;\n<\/span><!--[endif]-->Aumento de la venta de productos sostenibles<o:p><\/o:p><\/p>\n\n<p class=\"MsoListParagraphCxSpLast\" style=\"text-indent:-18.0pt;mso-list:l0 level1 lfo1\"><!--[if !supportLists]-->&#8211;<span style=\"font-variant-numeric: normal; font-variant-east-asian: normal; font-variant-alternates: normal; font-size-adjust: none; font-kerning: auto; font-optical-sizing: auto; font-feature-settings: normal; font-variation-settings: normal; font-variant-position: normal; font-variant-emoji: normal; font-stretch: normal; font-size: 7pt; line-height: normal; font-family: &quot;Times New Roman&quot;;\">&nbsp;&nbsp;&nbsp;&nbsp;&nbsp;&nbsp;&nbsp;&nbsp;&nbsp;\n<\/span><!--[endif]-->Mejora del comportamiento ambiental <o:p><\/o:p><\/p>\n\n<p class=\"MsoNormal\">Tambi\u00e9n hemos establecido indicadores ambientales que nos\naportan informaci\u00f3n sobre consumos de materias primas, gesti\u00f3n de residuos,\nemisiones, etc. Estos indicadores proporcionan informaci\u00f3n que nos permite\nseguir mejorando nuestro desempe\u00f1o ambiental.&nbsp; &nbsp;&nbsp;&nbsp;<\/p>\t\t\t\t\t\t<\/div>\n\t\t\t\t<\/div>\n\t\t\t\t<div class=\"elementor-element elementor-element-30199f8 elementor-widget-divider--view-line elementor-widget elementor-widget-divider\" data-id=\"30199f8\" data-element_type=\"widget\" data-widget_type=\"divider.default\">\n\t\t\t\t<div class=\"elementor-widget-container\">\n\t\t\t<style>\/*! elementor - v3.21.0 - 18-04-2024 *\/\n.elementor-widget-divider{--divider-border-style:none;--divider-border-width:1px;--divider-color:#0c0d0e;--divider-icon-size:20px;--divider-element-spacing:10px;--divider-pattern-height:24px;--divider-pattern-size:20px;--divider-pattern-url:none;--divider-pattern-repeat:repeat-x}.elementor-widget-divider .elementor-divider{display:flex}.elementor-widget-divider .elementor-divider__text{font-size:15px;line-height:1;max-width:95%}.elementor-widget-divider .elementor-divider__element{margin:0 var(--divider-element-spacing);flex-shrink:0}.elementor-widget-divider .elementor-icon{font-size:var(--divider-icon-size)}.elementor-widget-divider .elementor-divider-separator{display:flex;margin:0;direction:ltr}.elementor-widget-divider--view-line_icon .elementor-divider-separator,.elementor-widget-divider--view-line_text .elementor-divider-separator{align-items:center}.elementor-widget-divider--view-line_icon .elementor-divider-separator:after,.elementor-widget-divider--view-line_icon .elementor-divider-separator:before,.elementor-widget-divider--view-line_text .elementor-divider-separator:after,.elementor-widget-divider--view-line_text .elementor-divider-separator:before{display:block;content:\"\";border-block-end:0;flex-grow:1;border-block-start:var(--divider-border-width) var(--divider-border-style) var(--divider-color)}.elementor-widget-divider--element-align-left .elementor-divider .elementor-divider-separator>.elementor-divider__svg:first-of-type{flex-grow:0;flex-shrink:100}.elementor-widget-divider--element-align-left .elementor-divider-separator:before{content:none}.elementor-widget-divider--element-align-left .elementor-divider__element{margin-left:0}.elementor-widget-divider--element-align-right .elementor-divider .elementor-divider-separator>.elementor-divider__svg:last-of-type{flex-grow:0;flex-shrink:100}.elementor-widget-divider--element-align-right .elementor-divider-separator:after{content:none}.elementor-widget-divider--element-align-right .elementor-divider__element{margin-right:0}.elementor-widget-divider--element-align-start .elementor-divider .elementor-divider-separator>.elementor-divider__svg:first-of-type{flex-grow:0;flex-shrink:100}.elementor-widget-divider--element-align-start .elementor-divider-separator:before{content:none}.elementor-widget-divider--element-align-start .elementor-divider__element{margin-inline-start:0}.elementor-widget-divider--element-align-end .elementor-divider .elementor-divider-separator>.elementor-divider__svg:last-of-type{flex-grow:0;flex-shrink:100}.elementor-widget-divider--element-align-end .elementor-divider-separator:after{content:none}.elementor-widget-divider--element-align-end .elementor-divider__element{margin-inline-end:0}.elementor-widget-divider:not(.elementor-widget-divider--view-line_text):not(.elementor-widget-divider--view-line_icon) .elementor-divider-separator{border-block-start:var(--divider-border-width) var(--divider-border-style) var(--divider-color)}.elementor-widget-divider--separator-type-pattern{--divider-border-style:none}.elementor-widget-divider--separator-type-pattern.elementor-widget-divider--view-line .elementor-divider-separator,.elementor-widget-divider--separator-type-pattern:not(.elementor-widget-divider--view-line) .elementor-divider-separator:after,.elementor-widget-divider--separator-type-pattern:not(.elementor-widget-divider--view-line) .elementor-divider-separator:before,.elementor-widget-divider--separator-type-pattern:not([class*=elementor-widget-divider--view]) .elementor-divider-separator{width:100%;min-height:var(--divider-pattern-height);-webkit-mask-size:var(--divider-pattern-size) 100%;mask-size:var(--divider-pattern-size) 100%;-webkit-mask-repeat:var(--divider-pattern-repeat);mask-repeat:var(--divider-pattern-repeat);background-color:var(--divider-color);-webkit-mask-image:var(--divider-pattern-url);mask-image:var(--divider-pattern-url)}.elementor-widget-divider--no-spacing{--divider-pattern-size:auto}.elementor-widget-divider--bg-round{--divider-pattern-repeat:round}.rtl .elementor-widget-divider .elementor-divider__text{direction:rtl}.e-con-inner>.elementor-widget-divider,.e-con>.elementor-widget-divider{width:var(--container-widget-width,100%);--flex-grow:var(--container-widget-flex-grow)}<\/style>\t\t<div class=\"elementor-divider\">\n\t\t\t<span class=\"elementor-divider-separator\">\n\t\t\t\t\t\t<\/span>\n\t\t<\/div>\n\t\t\t\t<\/div>\n\t\t\t\t<\/div>\n\t\t\t\t\t<\/div>\n\t\t<\/div>\n\t\t\t\t\t<\/div>\n\t\t<\/section>\n\t\t\t\t<\/div>","protected":false},"excerpt":{"rendered":"<p>QN POWER es una empresa comprometida con el medioambiente, que tiene implantado un Sistema de Gesti\u00f3n Integrado seg\u00fan las Normas ISO 9001:2015 e ISO 14001:2015. El fin de este sistema de gesti\u00f3n es la reducci\u00f3n del impacto de la actividad, la prevenci\u00f3n de la contaminaci\u00f3n y el cumplimiento con la legislaci\u00f3n ambiental vigente. En QN &hellip; <\/p>\n<p class=\"link-more\"><a href=\"https:\/\/qnpower.es\/en\/desempeno-ambiental\/\" class=\"more-link\">Read more<span class=\"screen-reader-text\"> &#8220;DESEMPE\u00d1O AMBIENTAL&#8221;<\/span><\/a><\/p>","protected":false},"author":1,"featured_media":0,"parent":0,"menu_order":0,"comment_status":"closed","ping_status":"closed","template":"","meta":{"_uag_custom_page_level_css":"","footnotes":""},"class_list":["post-8031","page","type-page","status-publish","hentry"],"uagb_featured_image_src":{"full":false,"thumbnail":false,"medium":false,"medium_large":false,"large":false,"1536x1536":false,"2048x2048":false,"trp-custom-language-flag":false,"inspiro-featured-image":false,"inspiro-loop":false,"inspiro-loop@2x":false},"uagb_author_info":{"display_name":"admin","author_link":"https:\/\/qnpower.es\/en\/author\/geral_kp7azqhg\/"},"uagb_comment_info":0,"uagb_excerpt":"QN POWER es una empresa comprometida con el medioambiente, que tiene implantado un Sistema de Gesti\u00f3n Integrado seg\u00fan las Normas ISO 9001:2015 e ISO 14001:2015. El fin de este sistema de gesti\u00f3n es la reducci\u00f3n del impacto de la actividad, la prevenci\u00f3n de la contaminaci\u00f3n y el cumplimiento con la legislaci\u00f3n ambiental vigente. En QN&hellip;","_links":{"self":[{"href":"https:\/\/qnpower.es\/en\/wp-json\/wp\/v2\/pages\/8031","targetHints":{"allow":["GET"]}}],"collection":[{"href":"https:\/\/qnpower.es\/en\/wp-json\/wp\/v2\/pages"}],"about":[{"href":"https:\/\/qnpower.es\/en\/wp-json\/wp\/v2\/types\/page"}],"author":[{"embeddable":true,"href":"https:\/\/qnpower.es\/en\/wp-json\/wp\/v2\/users\/1"}],"replies":[{"embeddable":true,"href":"https:\/\/qnpower.es\/en\/wp-json\/wp\/v2\/comments?post=8031"}],"version-history":[{"count":7,"href":"https:\/\/qnpower.es\/en\/wp-json\/wp\/v2\/pages\/8031\/revisions"}],"predecessor-version":[{"id":8040,"href":"https:\/\/qnpower.es\/en\/wp-json\/wp\/v2\/pages\/8031\/revisions\/8040"}],"wp:attachment":[{"href":"https:\/\/qnpower.es\/en\/wp-json\/wp\/v2\/media?parent=8031"}],"curies":[{"name":"wp","href":"https:\/\/api.w.org\/{rel}","templated":true}]}}