{"id":8081,"date":"2025-03-26T14:06:29","date_gmt":"2025-03-26T13:06:29","guid":{"rendered":"https:\/\/qnpower.es\/?page_id=8081"},"modified":"2026-04-07T18:16:30","modified_gmt":"2026-04-07T16:16:30","slug":"compromiso","status":"publish","type":"page","link":"https:\/\/qnpower.es\/en\/compromiso\/","title":{"rendered":"COMPROMISO"},"content":{"rendered":"<div data-elementor-type=\"wp-page\" data-elementor-id=\"8081\" class=\"elementor elementor-8081\">\n\t\t\t\t\t\t<section class=\"elementor-section elementor-top-section elementor-element elementor-element-53354a0 elementor-section-boxed elementor-section-height-default elementor-section-height-default\" data-id=\"53354a0\" data-element_type=\"section\">\n\t\t\t\t\t\t<div class=\"elementor-container elementor-column-gap-default\">\n\t\t\t\t\t<div class=\"elementor-column elementor-col-100 elementor-top-column elementor-element elementor-element-31c1658\" data-id=\"31c1658\" data-element_type=\"column\">\n\t\t\t<div class=\"elementor-widget-wrap elementor-element-populated\">\n\t\t\t\t\t\t<div class=\"elementor-element elementor-element-d2c7db1 elementor-widget elementor-widget-text-editor\" data-id=\"d2c7db1\" data-element_type=\"widget\" data-widget_type=\"text-editor.default\">\n\t\t\t\t<div class=\"elementor-widget-container\">\n\t\t\t<style>\/*! elementor - v3.21.0 - 18-04-2024 *\/\n.elementor-widget-text-editor.elementor-drop-cap-view-stacked .elementor-drop-cap{background-color:#69727d;color:#fff}.elementor-widget-text-editor.elementor-drop-cap-view-framed .elementor-drop-cap{color:#69727d;border:3px solid;background-color:transparent}.elementor-widget-text-editor:not(.elementor-drop-cap-view-default) .elementor-drop-cap{margin-top:8px}.elementor-widget-text-editor:not(.elementor-drop-cap-view-default) .elementor-drop-cap-letter{width:1em;height:1em}.elementor-widget-text-editor .elementor-drop-cap{float:left;text-align:center;line-height:1;font-size:50px}.elementor-widget-text-editor .elementor-drop-cap-letter{display:inline-block}<\/style>\t\t\t\t<h3 data-start=\"83\" data-end=\"156\"><strong data-start=\"87\" data-end=\"154\">Compromiso con la Calidad, el Medioambiente y la Sostenibilidad<\/strong><\/h3><p data-start=\"158\" data-end=\"538\">En <strong data-start=\"161\" data-end=\"173\">QN Power<\/strong>, creemos que la excelencia y la responsabilidad van de la mano. Nos esforzamos por ofrecer soluciones innovadoras sin comprometer la calidad ni el impacto ambiental. Por ello, nos enorgullece anunciar que hemos obtenido las certificaciones <strong data-start=\"414\" data-end=\"443\">ISO 9001, ISO 14001 y FSC \u00ae<\/strong>, reflejando nuestro compromiso con los m\u00e1s altos est\u00e1ndares en cada \u00e1rea de nuestro trabajo.<\/p><ul><li><strong data-start=\"543\" data-end=\"555\">ISO 9001<\/strong> \u2013 Garantiza que nuestros procesos cumplen con los principios de gesti\u00f3n de calidad, mejorando continuamente la eficiencia y la satisfacci\u00f3n de nuestros clientes.<\/li><li><strong data-start=\"723\" data-end=\"736\">ISO 14001<\/strong> \u2013 Refuerza nuestra responsabilidad con el medioambiente, asegurando que nuestras operaciones minimizan el impacto ecol\u00f3gico y promueven el uso eficiente de los recursos.<\/li><li><strong data-start=\"912\" data-end=\"933\">Certificaci\u00f3n FSC \u00ae<\/strong> \u2013 Avala que los materiales que utilizamos provienen de fuentes responsables y gestionadas de manera sostenible, contribuyendo a la preservaci\u00f3n de los ecosistemas forestales.<\/li><\/ul><p data-start=\"1112\" data-end=\"1338\">Estas certificaciones no solo validan nuestro compromiso, sino que tambi\u00e9n garantizan a nuestros clientes que cada proyecto que desarrollamos sigue pr\u00e1cticas responsables, eficientes y alineadas con un futuro m\u00e1s sostenible.<\/p><p data-start=\"1340\" data-end=\"1430\">En <strong data-start=\"1343\" data-end=\"1355\">QN Power<\/strong>, no solo dise\u00f1amos soluciones, sino que construimos un impacto positivo.<\/p><h3><b><span style=\"font-size: 18.0pt; mso-bidi-font-size: 20.0pt; line-height: 150%;\">DESEMPE\u00d1O AMBIENTAL<\/span><\/b><\/h3><p>QN POWER es una empresa comprometida con el medioambiente, que tiene implantado un Sistema de Gesti\u00f3n Integrado seg\u00fan las Normas ISO 9001:2015 e ISO 14001:2015. El fin de este sistema de gesti\u00f3n es la reducci\u00f3n del impacto de la actividad, la prevenci\u00f3n de la contaminaci\u00f3n y el cumplimiento con la legislaci\u00f3n ambiental vigente.<\/p><p>\u00a0En QN POWER para la identificaci\u00f3n tanto de aspectos ambientales como de situaciones de emergencia, desde una perspectiva de ciclo de vida, identificamos todas las actividades, productos y servicios de la organizaci\u00f3n que pueden interactuar con el medioambiente, en condiciones controladas o situaciones de emergencia. Disponemos de mecanismos para identificar y evaluar peri\u00f3dicamente los aspectos ambientales y de emergencia, determinando cuales son significativos.<\/p><p>Establecemos controles operacionales sobre aquellos aspectos significativos sobre los que tenemos control directo y sobre aquellos en los que tenemos alg\u00fan grado de control o influencia.<\/p><p>Para este periodo 2026, se han determinado los siguientes aspectos ambientales significativos:<\/p><p><u>Aspectos ambientales directos significativos<\/u><\/p><ul><li><b>Consumo de combustible en el transporte<\/b><\/li><li><strong>Consumo de energ\u00eda el\u00e9ctrica en oficina<\/strong><\/li><li><strong>Consumo de energ\u00eda el\u00e9ctrica en taller\/almac\u00e9n<\/strong><\/li><\/ul><p><u>Aspectos ambientales indirectos significativos<\/u><\/p><ul><li><strong>Reutilizaci\u00f3n de producto, fin de vida \u00fatil<\/strong><\/li><li><strong>Reciclado destrucci\u00f3n, fin de vida \u00fatil<\/strong><\/li><\/ul><p>Anualmente establecemos objetivos y tareas ambientales que nos permiten mejorar nuestro comportamiento ambiental y protecci\u00f3n frente al medio ambiente. De forma peri\u00f3dica, realizamos un seguimiento de estos objetivos con el objetivo de garantizar la consecuci\u00f3n de los resultados planteados o establecer nuevas medidas para poder alcanzarlos.<\/p><p>Para este periodo 2026, se han establecido los siguientes objetivos:<\/p><ul><li>Mejora de la imagen corporativa y capacidad productiva mediante el traslado a nuevas instalaciones.<\/li><li>Mejora del comportamiento ambiental mediante la reducci\u00f3n del consumo el\u00e9ctrico.<\/li><\/ul><p>Tambi\u00e9n hemos establecido indicadores ambientales que nos aportan informaci\u00f3n sobre consumos de materias primas, gesti\u00f3n de residuos, emisiones, etc. Estos indicadores proporcionan informaci\u00f3n que nos permite seguir mejorando nuestro desempe\u00f1o ambiental. \u00a0\u00a0<\/p>\t\t\t\t\t\t<\/div>\n\t\t\t\t<\/div>\n\t\t\t\t<div class=\"elementor-element elementor-element-e9626b9 elementor-widget elementor-widget-spacer\" data-id=\"e9626b9\" data-element_type=\"widget\" data-widget_type=\"spacer.default\">\n\t\t\t\t<div class=\"elementor-widget-container\">\n\t\t\t<style>\/*! elementor - v3.21.0 - 18-04-2024 *\/\n.elementor-column .elementor-spacer-inner{height:var(--spacer-size)}.e-con{--container-widget-width:100%}.e-con-inner>.elementor-widget-spacer,.e-con>.elementor-widget-spacer{width:var(--container-widget-width,var(--spacer-size));--align-self:var(--container-widget-align-self,initial);--flex-shrink:0}.e-con-inner>.elementor-widget-spacer>.elementor-widget-container,.e-con>.elementor-widget-spacer>.elementor-widget-container{height:100%;width:100%}.e-con-inner>.elementor-widget-spacer>.elementor-widget-container>.elementor-spacer,.e-con>.elementor-widget-spacer>.elementor-widget-container>.elementor-spacer{height:100%}.e-con-inner>.elementor-widget-spacer>.elementor-widget-container>.elementor-spacer>.elementor-spacer-inner,.e-con>.elementor-widget-spacer>.elementor-widget-container>.elementor-spacer>.elementor-spacer-inner{height:var(--container-widget-height,var(--spacer-size))}.e-con-inner>.elementor-widget-spacer.elementor-widget-empty,.e-con>.elementor-widget-spacer.elementor-widget-empty{position:relative;min-height:22px;min-width:22px}.e-con-inner>.elementor-widget-spacer.elementor-widget-empty .elementor-widget-empty-icon,.e-con>.elementor-widget-spacer.elementor-widget-empty .elementor-widget-empty-icon{position:absolute;top:0;bottom:0;left:0;right:0;margin:auto;padding:0;width:22px;height:22px}<\/style>\t\t<div class=\"elementor-spacer\">\n\t\t\t<div class=\"elementor-spacer-inner\"><\/div>\n\t\t<\/div>\n\t\t\t\t<\/div>\n\t\t\t\t<\/div>\n\t\t\t\t\t<\/div>\n\t\t<\/div>\n\t\t\t\t\t<\/div>\n\t\t<\/section>\n\t\t\t\t<section class=\"elementor-section elementor-top-section elementor-element elementor-element-1c96c7d elementor-section-boxed elementor-section-height-default elementor-section-height-default\" data-id=\"1c96c7d\" data-element_type=\"section\">\n\t\t\t\t\t\t<div class=\"elementor-container elementor-column-gap-default\">\n\t\t\t\t\t<div class=\"elementor-column elementor-col-100 elementor-top-column elementor-element elementor-element-ba5f333\" data-id=\"ba5f333\" data-element_type=\"column\">\n\t\t\t<div class=\"elementor-widget-wrap elementor-element-populated\">\n\t\t\t\t\t\t<div class=\"elementor-element elementor-element-3edbe3c elementor-widget elementor-widget-image\" data-id=\"3edbe3c\" data-element_type=\"widget\" data-widget_type=\"image.default\">\n\t\t\t\t<div class=\"elementor-widget-container\">\n\t\t\t<style>\/*! elementor - v3.21.0 - 18-04-2024 *\/\n.elementor-widget-image{text-align:center}.elementor-widget-image a{display:inline-block}.elementor-widget-image a img[src$=\".svg\"]{width:48px}.elementor-widget-image img{vertical-align:middle;display:inline-block}<\/style>\t\t\t\t\t\t\t\t\t\t<img fetchpriority=\"high\" decoding=\"async\" width=\"2048\" height=\"464\" src=\"https:\/\/qnpower.es\/wp-content\/uploads\/2026\/04\/Diseno-sin-titulo-2-scaled-2048x464.png\" class=\"attachment-2048x2048 size-2048x2048 wp-image-8156\" alt=\"\" srcset=\"https:\/\/qnpower.es\/wp-content\/uploads\/2026\/04\/Diseno-sin-titulo-2-scaled-2048x464.png 2048w, https:\/\/qnpower.es\/wp-content\/uploads\/2026\/04\/Diseno-sin-titulo-2-300x68.png 300w, https:\/\/qnpower.es\/wp-content\/uploads\/2026\/04\/Diseno-sin-titulo-2-1024x232.png 1024w, https:\/\/qnpower.es\/wp-content\/uploads\/2026\/04\/Diseno-sin-titulo-2-2000x453.png 2000w, https:\/\/qnpower.es\/wp-content\/uploads\/2026\/04\/Diseno-sin-titulo-2-scaled-18x4.png 18w, https:\/\/qnpower.es\/wp-content\/uploads\/2026\/04\/Diseno-sin-titulo-2-scaled-1536x348.png 1536w\" sizes=\"100vw\" \/>\t\t\t\t\t\t\t\t\t\t\t\t\t<\/div>\n\t\t\t\t<\/div>\n\t\t\t\t\t<\/div>\n\t\t<\/div>\n\t\t\t\t\t<\/div>\n\t\t<\/section>\n\t\t\t\t<section class=\"elementor-section elementor-top-section elementor-element elementor-element-87a3c92 elementor-section-boxed elementor-section-height-default elementor-section-height-default\" data-id=\"87a3c92\" data-element_type=\"section\">\n\t\t\t\t\t\t<div class=\"elementor-container elementor-column-gap-default\">\n\t\t\t\t\t<div class=\"elementor-column elementor-col-25 elementor-top-column elementor-element elementor-element-ebdbde7\" data-id=\"ebdbde7\" data-element_type=\"column\">\n\t\t\t<div class=\"elementor-widget-wrap elementor-element-populated\">\n\t\t\t\t\t\t<div class=\"elementor-element elementor-element-4d38e46 elementor-widget__width-initial elementor-widget elementor-widget-text-editor\" data-id=\"4d38e46\" data-element_type=\"widget\" data-widget_type=\"text-editor.default\">\n\t\t\t\t<div class=\"elementor-widget-container\">\n\t\t\t\t\t\t\t<p style=\"text-align: center;\"><a href=\"https:\/\/qnpower.es\/wp-content\/uploads\/2025\/03\/CertificadoFSC_AEN-COC-001494_2025-03-14.pdf\">Consulta este <\/a><a href=\"https:\/\/qnpower.es\/wp-content\/uploads\/2025\/03\/CertificadoFSC_AEN-COC-001494_2025-03-14.pdf\">documento<\/a><\/p>\t\t\t\t\t\t<\/div>\n\t\t\t\t<\/div>\n\t\t\t\t\t<\/div>\n\t\t<\/div>\n\t\t\t\t<div class=\"elementor-column elementor-col-25 elementor-top-column elementor-element elementor-element-77b2281\" data-id=\"77b2281\" data-element_type=\"column\">\n\t\t\t<div class=\"elementor-widget-wrap elementor-element-populated\">\n\t\t\t\t\t\t<div class=\"elementor-element elementor-element-0f1c35f elementor-widget__width-initial elementor-widget elementor-widget-text-editor\" data-id=\"0f1c35f\" data-element_type=\"widget\" data-widget_type=\"text-editor.default\">\n\t\t\t\t<div class=\"elementor-widget-container\">\n\t\t\t\t\t\t\t<p style=\"text-align: center;\"><a href=\"https:\/\/qnpower.es\/wp-content\/uploads\/2025\/03\/CertificadoER-0164-2025_ES_2025-03-26-1.pdf\">Consulta este documento<\/a><\/p>\t\t\t\t\t\t<\/div>\n\t\t\t\t<\/div>\n\t\t\t\t\t<\/div>\n\t\t<\/div>\n\t\t\t\t<div class=\"elementor-column elementor-col-25 elementor-top-column elementor-element elementor-element-4f3c2f5\" data-id=\"4f3c2f5\" data-element_type=\"column\">\n\t\t\t<div class=\"elementor-widget-wrap elementor-element-populated\">\n\t\t\t\t\t\t<div class=\"elementor-element elementor-element-da395c8 elementor-widget elementor-widget-text-editor\" data-id=\"da395c8\" data-element_type=\"widget\" data-widget_type=\"text-editor.default\">\n\t\t\t\t<div class=\"elementor-widget-container\">\n\t\t\t\t\t\t\t<p style=\"text-align: center;\"><a href=\"https:\/\/qnpower.es\/wp-content\/uploads\/2025\/03\/CertificadoGA-2025-0093_ES_2025-03-26.pdf\">Consulta este documento<\/a><\/p>\t\t\t\t\t\t<\/div>\n\t\t\t\t<\/div>\n\t\t\t\t\t<\/div>\n\t\t<\/div>\n\t\t\t\t<div class=\"elementor-column elementor-col-25 elementor-top-column elementor-element elementor-element-622d448\" data-id=\"622d448\" data-element_type=\"column\">\n\t\t\t<div class=\"elementor-widget-wrap\">\n\t\t\t\t\t\t\t<\/div>\n\t\t<\/div>\n\t\t\t\t\t<\/div>\n\t\t<\/section>\n\t\t\t\t<section class=\"elementor-section elementor-top-section elementor-element elementor-element-a32dad3 elementor-section-boxed elementor-section-height-default elementor-section-height-default\" data-id=\"a32dad3\" data-element_type=\"section\">\n\t\t\t\t\t\t<div class=\"elementor-container elementor-column-gap-default\">\n\t\t\t\t\t<div class=\"elementor-column elementor-col-100 elementor-top-column elementor-element elementor-element-79735a8\" data-id=\"79735a8\" data-element_type=\"column\">\n\t\t\t<div class=\"elementor-widget-wrap elementor-element-populated\">\n\t\t\t\t\t\t<div class=\"elementor-element elementor-element-67050f1 elementor-widget elementor-widget-spacer\" data-id=\"67050f1\" data-element_type=\"widget\" data-widget_type=\"spacer.default\">\n\t\t\t\t<div class=\"elementor-widget-container\">\n\t\t\t\t\t<div class=\"elementor-spacer\">\n\t\t\t<div class=\"elementor-spacer-inner\"><\/div>\n\t\t<\/div>\n\t\t\t\t<\/div>\n\t\t\t\t<\/div>\n\t\t\t\t\t<\/div>\n\t\t<\/div>\n\t\t\t\t\t<\/div>\n\t\t<\/section>\n\t\t\t\t<\/div>","protected":false},"excerpt":{"rendered":"<p>Compromiso con la Calidad, el Medioambiente y la Sostenibilidad En QN Power, creemos que la excelencia y la responsabilidad van de la mano. Nos esforzamos por ofrecer soluciones innovadoras sin comprometer la calidad ni el impacto ambiental. Por ello, nos enorgullece anunciar que hemos obtenido las certificaciones ISO 9001, ISO 14001 y FSC \u00ae, reflejando &hellip; <\/p>\n<p class=\"link-more\"><a href=\"https:\/\/qnpower.es\/en\/compromiso\/\" class=\"more-link\">Read more<span class=\"screen-reader-text\"> &#8220;COMPROMISO&#8221;<\/span><\/a><\/p>","protected":false},"author":1,"featured_media":0,"parent":0,"menu_order":0,"comment_status":"closed","ping_status":"closed","template":"","meta":{"_uag_custom_page_level_css":"","footnotes":""},"class_list":["post-8081","page","type-page","status-publish","hentry"],"uagb_featured_image_src":{"full":false,"thumbnail":false,"medium":false,"medium_large":false,"large":false,"1536x1536":false,"2048x2048":false,"trp-custom-language-flag":false,"inspiro-featured-image":false,"inspiro-loop":false,"inspiro-loop@2x":false},"uagb_author_info":{"display_name":"admin","author_link":"https:\/\/qnpower.es\/en\/author\/geral_kp7azqhg\/"},"uagb_comment_info":0,"uagb_excerpt":"Compromiso con la Calidad, el Medioambiente y la Sostenibilidad En QN Power, creemos que la excelencia y la responsabilidad van de la mano. Nos esforzamos por ofrecer soluciones innovadoras sin comprometer la calidad ni el impacto ambiental. Por ello, nos enorgullece anunciar que hemos obtenido las certificaciones ISO 9001, ISO 14001 y FSC \u00ae, reflejando&hellip;","_links":{"self":[{"href":"https:\/\/qnpower.es\/en\/wp-json\/wp\/v2\/pages\/8081","targetHints":{"allow":["GET"]}}],"collection":[{"href":"https:\/\/qnpower.es\/en\/wp-json\/wp\/v2\/pages"}],"about":[{"href":"https:\/\/qnpower.es\/en\/wp-json\/wp\/v2\/types\/page"}],"author":[{"embeddable":true,"href":"https:\/\/qnpower.es\/en\/wp-json\/wp\/v2\/users\/1"}],"replies":[{"embeddable":true,"href":"https:\/\/qnpower.es\/en\/wp-json\/wp\/v2\/comments?post=8081"}],"version-history":[{"count":22,"href":"https:\/\/qnpower.es\/en\/wp-json\/wp\/v2\/pages\/8081\/revisions"}],"predecessor-version":[{"id":8159,"href":"https:\/\/qnpower.es\/en\/wp-json\/wp\/v2\/pages\/8081\/revisions\/8159"}],"wp:attachment":[{"href":"https:\/\/qnpower.es\/en\/wp-json\/wp\/v2\/media?parent=8081"}],"curies":[{"name":"wp","href":"https:\/\/api.w.org\/{rel}","templated":true}]}}